{"id":50,"date":"2006-07-02T13:16:32","date_gmt":"2006-07-02T11:16:32","guid":{"rendered":"http:\/\/www.independentsplace.de\/wp-blog\/?page_id=50"},"modified":"2021-12-02T16:13:05","modified_gmt":"2021-12-02T15:13:05","slug":"das-independents-place","status":"publish","type":"page","link":"https:\/\/www.independentsplace.de\/wp-blog\/das-independents-place\/","title":{"rendered":"Independent&#8217;s Place"},"content":{"rendered":"<div class=\"fusion-fullwidth fullwidth-box fusion-builder-row-1 fusion-flex-container nonhundred-percent-fullwidth non-hundred-percent-height-scrolling\" style=\"--awb-border-radius-top-left:0px;--awb-border-radius-top-right:0px;--awb-border-radius-bottom-right:0px;--awb-border-radius-bottom-left:0px;--awb-flex-wrap:wrap;\" ><div class=\"fusion-builder-row fusion-row fusion-flex-align-items-flex-start fusion-flex-content-wrap\" style=\"max-width:1248px;margin-left: calc(-4% \/ 2 );margin-right: calc(-4% \/ 2 );\"><div class=\"fusion-layout-column fusion_builder_column fusion-builder-column-0 fusion_builder_column_1_1 1_1 fusion-flex-column\" style=\"--awb-bg-size:cover;--awb-width-large:100%;--awb-margin-top-large:0px;--awb-spacing-right-large:1.92%;--awb-margin-bottom-large:0px;--awb-spacing-left-large:1.92%;--awb-width-medium:100%;--awb-order-medium:0;--awb-spacing-right-medium:1.92%;--awb-spacing-left-medium:1.92%;--awb-width-small:100%;--awb-order-small:0;--awb-spacing-right-small:1.92%;--awb-spacing-left-small:1.92%;\"><div class=\"fusion-column-wrapper fusion-column-has-shadow fusion-flex-justify-content-flex-start fusion-content-layout-column\"><div class=\"fusion-image-element \" style=\"text-align:center;--awb-caption-title-font-family:var(--h2_typography-font-family);--awb-caption-title-font-weight:var(--h2_typography-font-weight);--awb-caption-title-font-style:var(--h2_typography-font-style);--awb-caption-title-size:var(--h2_typography-font-size);--awb-caption-title-transform:var(--h2_typography-text-transform);--awb-caption-title-line-height:var(--h2_typography-line-height);--awb-caption-title-letter-spacing:var(--h2_typography-letter-spacing);\"><span class=\" fusion-imageframe imageframe-none imageframe-1 hover-type-none\"><img decoding=\"async\" width=\"400\" height=\"220\" title=\"logo_phpBB_hgblack\" src=\"data:image\/svg+xml,%3Csvg%20xmlns%3D%27http%3A%2F%2Fwww.w3.org%2F2000%2Fsvg%27%20width%3D%27400%27%20height%3D%27220%27%20viewBox%3D%270%200%20400%20220%27%3E%3Crect%20width%3D%27400%27%20height%3D%27220%27%20fill-opacity%3D%220%22%2F%3E%3C%2Fsvg%3E\" data-orig-src=\"https:\/\/www.independentsplace.de\/wp-blog\/wp-content\/\/logo_phpBB_hgblack.gif\" alt class=\"lazyload img-responsive wp-image-6283\"\/><\/span><\/div><div class=\"fusion-text fusion-text-1\" style=\"--awb-text-transform:none;\"><p><strong>Oktober 2005<\/strong><\/p>\n<p><strong>Das <em>&#8222;Place<\/em>&#8222;<\/strong><\/p>\n<p>Unser Werner stellte begeistert fest: &#8222;Unser Place lebt!!!&#8220;<br \/>\nHinsichtlich des Namens soll es sp\u00e4ter noch zu kleinen Irritationen kommen&#8230;<br \/>\nAber alles wird gut &#8211; versprochen!<\/p>\n<p>Lauschen wir aber noch weiter Werner&#8217;s Worten&#8230;<\/p>\n<p>&#8222;<span class=\"postbody\"><span style=\"font-size: small;\">Allen, welche bisher am entstehen des INDEPENDENT&#8217;S PLACE mitgewirkt haben, m\u00f6chte ich danken und gratulieren f\u00fcr Ideeen, Aktivit\u00e4ten, Einsatz und Willen, das daraus zu machen, was wir uns vorstellen. Wenn man sich die ersten Berichte, Bilder usw. ansieht, merkt man, da\u00df nicht nur das Place zum Leben erweckt wird sondern auch das Forum lebt. Weiter so, la\u00dft uns gemeinsam jeder mit seinen M\u00f6glichkeiten daran arbeiten. Ich w\u00fcnsche uns allen ein gutes Gelingen und freue mich, mit Euch zusammen das Independent&#8217;s Place voranzubingen. Bis bald, Werner (der mit der E-Glide tanzt)<\/span><\/span><\/p>\n<p><span class=\"postbody\"><strong>Unser Initiator und jetzt &#8222;Past President&#8220;<\/strong> ist jedoch ein anderer.<br \/>\n<\/span><span class=\"postbody\">&#8230;. und er h\u00f6rt am liebsten auf den Namen <strong>&#8222;<\/strong><em><strong>Jesse&#8220;<\/strong>.<\/em><\/span><\/p>\n<\/div><div class=\"fusion-image-element \" style=\"text-align:center;--awb-caption-title-font-family:var(--h2_typography-font-family);--awb-caption-title-font-weight:var(--h2_typography-font-weight);--awb-caption-title-font-style:var(--h2_typography-font-style);--awb-caption-title-size:var(--h2_typography-font-size);--awb-caption-title-transform:var(--h2_typography-text-transform);--awb-caption-title-line-height:var(--h2_typography-line-height);--awb-caption-title-letter-spacing:var(--h2_typography-letter-spacing);\"><span class=\" fusion-imageframe imageframe-none imageframe-2 hover-type-none\"><img decoding=\"async\" width=\"450\" height=\"600\" title=\"Jesse\" src=\"https:\/\/www.independentsplace.de\/wp-blog\/wp-content\/\/Jesse.jpg\" data-orig-src=\"https:\/\/www.independentsplace.de\/wp-blog\/wp-content\/\/Jesse.jpg\" alt class=\"lazyload img-responsive wp-image-6284\" srcset=\"data:image\/svg+xml,%3Csvg%20xmlns%3D%27http%3A%2F%2Fwww.w3.org%2F2000%2Fsvg%27%20width%3D%27450%27%20height%3D%27600%27%20viewBox%3D%270%200%20450%20600%27%3E%3Crect%20width%3D%27450%27%20height%3D%27600%27%20fill-opacity%3D%220%22%2F%3E%3C%2Fsvg%3E\" data-srcset=\"https:\/\/www.independentsplace.de\/wp-blog\/wp-content\/Jesse-200x267.jpg 200w, https:\/\/www.independentsplace.de\/wp-blog\/wp-content\/Jesse-400x533.jpg 400w, https:\/\/www.independentsplace.de\/wp-blog\/wp-content\/\/Jesse.jpg 450w\" data-sizes=\"auto\" data-orig-sizes=\"(max-width: 1024px) 100vw, (max-width: 640px) 100vw, 450px\" \/><\/span><\/div><div class=\"fusion-text fusion-text-2\" style=\"--awb-text-transform:none;\"><p><em><strong>&#8230; und das sind wir!<\/strong><\/em><\/p>\n<\/div><div class=\"fusion-image-element \" style=\"text-align:center;--awb-caption-title-font-family:var(--h2_typography-font-family);--awb-caption-title-font-weight:var(--h2_typography-font-weight);--awb-caption-title-font-style:var(--h2_typography-font-style);--awb-caption-title-size:var(--h2_typography-font-size);--awb-caption-title-transform:var(--h2_typography-text-transform);--awb-caption-title-line-height:var(--h2_typography-line-height);--awb-caption-title-letter-spacing:var(--h2_typography-letter-spacing);\"><span class=\" fusion-imageframe imageframe-none imageframe-3 hover-type-none\"><img decoding=\"async\" width=\"450\" height=\"300\" title=\"wir\" src=\"https:\/\/www.independentsplace.de\/wp-blog\/wp-content\/\/wir.jpg\" data-orig-src=\"https:\/\/www.independentsplace.de\/wp-blog\/wp-content\/\/wir.jpg\" alt class=\"lazyload img-responsive wp-image-6285\" srcset=\"data:image\/svg+xml,%3Csvg%20xmlns%3D%27http%3A%2F%2Fwww.w3.org%2F2000%2Fsvg%27%20width%3D%27450%27%20height%3D%27300%27%20viewBox%3D%270%200%20450%20300%27%3E%3Crect%20width%3D%27450%27%20height%3D%27300%27%20fill-opacity%3D%220%22%2F%3E%3C%2Fsvg%3E\" data-srcset=\"https:\/\/www.independentsplace.de\/wp-blog\/wp-content\/wir-200x133.jpg 200w, https:\/\/www.independentsplace.de\/wp-blog\/wp-content\/wir-400x267.jpg 400w, https:\/\/www.independentsplace.de\/wp-blog\/wp-content\/\/wir.jpg 450w\" data-sizes=\"auto\" data-orig-sizes=\"(max-width: 1024px) 100vw, (max-width: 640px) 100vw, 450px\" \/><\/span><\/div><div class=\"fusion-text fusion-text-3\" style=\"--awb-text-transform:none;\"><p><strong>Unser Herz schl\u00e4gt f\u00fcr&#8230;<\/strong><\/p>\n<\/div><div class=\"fusion-image-element \" style=\"text-align:center;--awb-caption-title-font-family:var(--h2_typography-font-family);--awb-caption-title-font-weight:var(--h2_typography-font-weight);--awb-caption-title-font-style:var(--h2_typography-font-style);--awb-caption-title-size:var(--h2_typography-font-size);--awb-caption-title-transform:var(--h2_typography-text-transform);--awb-caption-title-line-height:var(--h2_typography-line-height);--awb-caption-title-letter-spacing:var(--h2_typography-letter-spacing);\"><span class=\" fusion-imageframe imageframe-none imageframe-4 hover-type-none\"><img decoding=\"async\" width=\"450\" height=\"338\" title=\"HD\" src=\"https:\/\/www.independentsplace.de\/wp-blog\/wp-content\/\/HD.jpg\" data-orig-src=\"https:\/\/www.independentsplace.de\/wp-blog\/wp-content\/\/HD.jpg\" alt class=\"lazyload img-responsive wp-image-6286\" srcset=\"data:image\/svg+xml,%3Csvg%20xmlns%3D%27http%3A%2F%2Fwww.w3.org%2F2000%2Fsvg%27%20width%3D%27450%27%20height%3D%27338%27%20viewBox%3D%270%200%20450%20338%27%3E%3Crect%20width%3D%27450%27%20height%3D%27338%27%20fill-opacity%3D%220%22%2F%3E%3C%2Fsvg%3E\" data-srcset=\"https:\/\/www.independentsplace.de\/wp-blog\/wp-content\/HD-200x150.jpg 200w, https:\/\/www.independentsplace.de\/wp-blog\/wp-content\/HD-400x300.jpg 400w, https:\/\/www.independentsplace.de\/wp-blog\/wp-content\/\/HD.jpg 450w\" data-sizes=\"auto\" data-orig-sizes=\"(max-width: 1024px) 100vw, (max-width: 640px) 100vw, 450px\" \/><\/span><\/div><div class=\"fusion-image-element \" style=\"text-align:center;--awb-caption-title-font-family:var(--h2_typography-font-family);--awb-caption-title-font-weight:var(--h2_typography-font-weight);--awb-caption-title-font-style:var(--h2_typography-font-style);--awb-caption-title-size:var(--h2_typography-font-size);--awb-caption-title-transform:var(--h2_typography-text-transform);--awb-caption-title-line-height:var(--h2_typography-line-height);--awb-caption-title-letter-spacing:var(--h2_typography-letter-spacing);\"><span class=\" fusion-imageframe imageframe-none imageframe-5 hover-type-none\"><img decoding=\"async\" width=\"450\" height=\"600\" title=\"Jesse2\" src=\"https:\/\/www.independentsplace.de\/wp-blog\/wp-content\/\/Jesse2.jpg\" data-orig-src=\"https:\/\/www.independentsplace.de\/wp-blog\/wp-content\/\/Jesse2.jpg\" alt class=\"lazyload img-responsive wp-image-6287\" srcset=\"data:image\/svg+xml,%3Csvg%20xmlns%3D%27http%3A%2F%2Fwww.w3.org%2F2000%2Fsvg%27%20width%3D%27450%27%20height%3D%27600%27%20viewBox%3D%270%200%20450%20600%27%3E%3Crect%20width%3D%27450%27%20height%3D%27600%27%20fill-opacity%3D%220%22%2F%3E%3C%2Fsvg%3E\" data-srcset=\"https:\/\/www.independentsplace.de\/wp-blog\/wp-content\/Jesse2-200x267.jpg 200w, https:\/\/www.independentsplace.de\/wp-blog\/wp-content\/Jesse2-400x533.jpg 400w, https:\/\/www.independentsplace.de\/wp-blog\/wp-content\/\/Jesse2.jpg 450w\" data-sizes=\"auto\" data-orig-sizes=\"(max-width: 1024px) 100vw, (max-width: 640px) 100vw, 450px\" \/><\/span><\/div><\/div><\/div><\/div><\/div>\n","protected":false},"excerpt":{"rendered":"","protected":false},"author":1,"featured_media":0,"parent":0,"menu_order":0,"comment_status":"closed","ping_status":"closed","template":"","meta":{"footnotes":""},"_links":{"self":[{"href":"https:\/\/www.independentsplace.de\/wp-blog\/wp-json\/wp\/v2\/pages\/50"}],"collection":[{"href":"https:\/\/www.independentsplace.de\/wp-blog\/wp-json\/wp\/v2\/pages"}],"about":[{"href":"https:\/\/www.independentsplace.de\/wp-blog\/wp-json\/wp\/v2\/types\/page"}],"author":[{"embeddable":true,"href":"https:\/\/www.independentsplace.de\/wp-blog\/wp-json\/wp\/v2\/users\/1"}],"replies":[{"embeddable":true,"href":"https:\/\/www.independentsplace.de\/wp-blog\/wp-json\/wp\/v2\/comments?post=50"}],"version-history":[{"count":6,"href":"https:\/\/www.independentsplace.de\/wp-blog\/wp-json\/wp\/v2\/pages\/50\/revisions"}],"predecessor-version":[{"id":6290,"href":"https:\/\/www.independentsplace.de\/wp-blog\/wp-json\/wp\/v2\/pages\/50\/revisions\/6290"}],"wp:attachment":[{"href":"https:\/\/www.independentsplace.de\/wp-blog\/wp-json\/wp\/v2\/media?parent=50"}],"curies":[{"name":"wp","href":"https:\/\/api.w.org\/{rel}","templated":true}]}}