{"id":4911,"date":"2014-05-27T20:59:49","date_gmt":"2014-05-27T18:59:49","guid":{"rendered":"http:\/\/www.independentsplace.de\/wp-blog\/?page_id=4911"},"modified":"2022-12-31T15:49:15","modified_gmt":"2022-12-31T14:49:15","slug":"unser-place","status":"publish","type":"page","link":"https:\/\/www.independentsplace.de\/wp-blog\/unser-place\/","title":{"rendered":"Unser Place"},"content":{"rendered":"<div class=\"fusion-fullwidth fullwidth-box fusion-builder-row-1 fusion-flex-container hundred-percent-fullwidth non-hundred-percent-height-scrolling\" style=\"--awb-border-radius-top-left:0px;--awb-border-radius-top-right:0px;--awb-border-radius-bottom-right:0px;--awb-border-radius-bottom-left:0px;--awb-overflow:visible;--awb-flex-wrap:wrap;\" ><div class=\"fusion-builder-row fusion-row fusion-flex-align-items-flex-start fusion-flex-content-wrap\" style=\"width:104% !important;max-width:104% !important;margin-left: calc(-4% \/ 2 );margin-right: calc(-4% \/ 2 );\"><div class=\"fusion-layout-column fusion_builder_column fusion-builder-column-0 fusion_builder_column_1_1 1_1 fusion-flex-column fusion-flex-align-self-flex-start fusion-column-no-min-height\" style=\"--awb-bg-blend:overlay;--awb-bg-size:cover;--awb-width-large:100%;--awb-margin-top-large:0px;--awb-spacing-right-large:1.92%;--awb-margin-bottom-large:0px;--awb-spacing-left-large:1.92%;--awb-width-medium:100%;--awb-spacing-right-medium:1.92%;--awb-spacing-left-medium:1.92%;--awb-width-small:100%;--awb-spacing-right-small:1.92%;--awb-spacing-left-small:1.92%;\"><div class=\"fusion-column-wrapper fusion-flex-justify-content-flex-start fusion-content-layout-column\"><div class=\"fusion-text fusion-text-1\"><p style=\"text-align: justify;\">\n<\/div><\/div><\/div><div class=\"fusion-layout-column fusion_builder_column fusion-builder-column-1 fusion_builder_column_2_3 2_3 fusion-flex-column\" style=\"--awb-bg-blend:overlay;--awb-bg-size:cover;--awb-width-large:66.666666666667%;--awb-margin-top-large:0px;--awb-spacing-right-large:3.84%;--awb-margin-bottom-large:20px;--awb-spacing-left-large:2.88%;--awb-width-medium:100%;--awb-spacing-right-medium:1.92%;--awb-spacing-left-medium:1.92%;--awb-width-small:100%;--awb-spacing-right-small:1.92%;--awb-spacing-left-small:1.92%;\"><div class=\"fusion-column-wrapper fusion-flex-justify-content-flex-start fusion-content-layout-column\"><div class=\"fusion-title title fusion-title-1 fusion-title-text fusion-title-size-two\"><div class=\"title-sep-container title-sep-container-left fusion-no-large-visibility fusion-no-medium-visibility fusion-no-small-visibility\"><div class=\"title-sep sep-double sep-solid\" style=\"border-color:#3e3e3e;\"><\/div><\/div><span class=\"awb-title-spacer fusion-no-large-visibility fusion-no-medium-visibility fusion-no-small-visibility\"><\/span><h2 class=\"fusion-title-heading title-heading-left\" style=\"margin:0;\">Wir suchten einen Treffpunkt! &#8211; Wir hatten ein zu Hause gefunden!<\/h2><span class=\"awb-title-spacer\"><\/span><div class=\"title-sep-container title-sep-container-right\"><div class=\"title-sep sep-double sep-solid\" style=\"border-color:#3e3e3e;\"><\/div><\/div><\/div><div class=\"fusion-text fusion-text-2\"><\/p>\n<p>Unser Place<br \/>\nWir schreiben das Jahr 2005! 25, teils langj\u00e4hrige, Mitglieder des Rulaman-Chapters sind zunehmend ungl\u00fccklich mit der TUI-Mentalit\u00e4t (irgendjemand soll planen und organisieren, wir fahren dann mit \u2013 oder auch nicht!) der meisten \u201aRulam\u00e4nner\u2018. Und die jahrelange fruchtlose Diskussion \u00fcber ein Klubhaus ist dann der Tropfen, der das sprichw\u00f6rtliche Fass zum \u00dcberlaufen bringt: die 25 Biker\/innen beschlie\u00dfen, ein eigenes Ding zu machen und einen neuen Klub zu gr\u00fcnden!<br \/>\nNach einigen Brainstormings ist dann auch schnell ein Name gefunden: INDEPENDENTS, die Unabh\u00e4ngigen. Nat\u00fcrlich nicht als offizielles HOG-Chapter, denn schlie\u00dflich gibt es keinen Harley-H\u00e4ndler, der uns unter die Fittiche nimmt \u2013 aber es geht ja auch als \u201awildes\u2018 Chapter. Hauptsache, der Gruppenzusammenhalt stimmt, jeder bringt sich ein und tr\u00e4gt seinen Teil zu Organisation, Arbeit und Spa\u00df bei!<br \/>\nUnd von vornherein ist klar, dass sich die INDEPENDENTS nicht nur ab und zu in irgendwelchen Kneipen treffen wollen. Alle sind sich n\u00e4mlich einig, dass nur ein gemeinsames Klubhaus \u2013 sozusagen als Dreh- und Angelpunkt f\u00fcr gemeinsame Partys, Ausfahrten und Klubabende \u2013 das ist, was unseren Klub zusammenschwei\u00dfen wird!<br \/>\nWeil aber die deutsche B\u00fcrokratie mit lockeren Zusammenschl\u00fcssen so ihre Probleme hat, zumal wenn es auch noch eine gemeinsame Immobilie gibt, gr\u00fcnden die 25 einen Verein und w\u00e4hlen, wie es sich f\u00fcr einen ordentlichen Verein geh\u00f6rt, auch einen Vorstand : Jesse als President, Director oder wie immer man den H\u00e4uptling noch nennen will, Petrus und Ulli als Vize.<br \/>\nNun trifft es sich gut, dass Jesse \u00fcber Verwandte davon Wind bekommt, dass das alte Waldheim der Arbeiterwohlfahrt (AWO) in N\u00fcrtingen seit Jahren leer steht, weil sich die N\u00fcrtinger AWO aufgel\u00f6st hat und keiner der N\u00fcrtinger Vereine das Heim \u00fcbernehmen will.<br \/>\nIn den 50\u2018er Jahren gebaut, um N\u00fcrtinger Kindern w\u00e4hrend der Ferien einen Urlaub zu erm\u00f6glichen, steht das Waldheim weitab von bebauten Gebieten im Naturschutzgebiet in NT-Rossdorf. Viel Gr\u00fcn, Wald, gro\u00dfes Freigel\u00e4nde und, was am wichtigsten ist, keine Nachbarn. Genau das, was die INDIs suchen! Denn wo fr\u00fcher Kinder kreischten, sollen jetzt satte V2-Motoren br\u00fcllen!<br \/>\nGesagt, getan! Um bereits w\u00e4hrend den Verhandlungen mit der AWO-Verwaltung eine Heimat zu haben, wird das Klubhaus erstmal f\u00fcr ein Jahr gemietet und dann \u2013 mit gemeinsamen Ersparnissen \u2013 im Jahr 2006 endlich gekauft : Das INDEPENDENTS \u2013 Place geh\u00f6rt uns!<br \/>\nZusammen mit dem Geb\u00e4ude gibt es auch das Mobiliar, die K\u00fcchenausstattungen, Geschirr \u2013 und jede Menge Ger\u00fcmpel, das sich in den vergangenen Jahrzehnten so angesammelt hat und das es zu entsorgen gilt. Das Dach (immerhin 600 qm Fl\u00e4che mit den Freir\u00e4umen) ist so undicht, dass bei jedem starken Regen der Saal einer Gro\u00df-Dusche gleicht; unter dem Dachfirst haben \u2013zig Generationen von Mardern ihre H\u00f6hlen gebaut und s\u00e4ckeweise Bio-M\u00fcll hinterlassen; Fenster, W\u00e4nde und Holzverschalungen brauchen dringend einen Anstrich. Kurz &#8211;  au\u00dfen und innen sind zahlreiche Arbeitsstunden n\u00f6tig um das Place auf Vordermann zu bringen. Doch mit gemeinsamer Anstrengung und mit den Fachkenntnissen unserer Member in den verschiedensten Bau-Gewerken haben wir das INDEPENDENTS Place in den Jahren zu einem Klubhaus gemacht, um das uns alle Besucher und Biker-Klubs aus der Umgebung beneideten!<\/p>\n<p style=\"text-align: justify;\">\n<\/div><style type='text\/css'>.reading-box-container-1 .element-bottomshadow:before,.reading-box-container-1 .element-bottomshadow:after{opacity:0.7;}<\/style><div class=\"fusion-reading-box-container reading-box-container-1\" style=\"--awb-title-color:#ffffff;--awb-margin-top:0px;--awb-margin-bottom:84px;\"><div class=\"reading-box\" style=\"background-color:#3e3e3e;border-width:0px;border-color:#3e3e3e;border-left-width:3px;border-left-color:var(--primary_color);border-style:solid;\"><h2>Das 'Place' war der ideale Ort f\u00fcr uns!<\/h2><div class=\"reading-box-description fusion-reading-box-additional\"><strong>Das ganze Jahr \u00fcber traffen wir uns dort und haben Spass miteinander!<\/strong><br>\n<strong> Das wichtigste war jedoch, das 'Place' geh\u00f6rte den Independents bis Ende 2022!<\/strong><\/div><div class=\"fusion-clearfix\"><\/div><\/div><\/div><\/div><\/div><div class=\"fusion-layout-column fusion_builder_column fusion-builder-column-2 fusion_builder_column_1_3 1_3 fusion-flex-column\" style=\"--awb-bg-blend:overlay;--awb-bg-size:cover;--awb-width-large:33.333333333333%;--awb-margin-top-large:0px;--awb-spacing-right-large:5.76%;--awb-margin-bottom-large:20px;--awb-spacing-left-large:3.8399999999999%;--awb-width-medium:100%;--awb-spacing-right-medium:1.92%;--awb-spacing-left-medium:1.92%;--awb-width-small:100%;--awb-spacing-right-small:1.92%;--awb-spacing-left-small:1.92%;\"><div class=\"fusion-column-wrapper fusion-flex-justify-content-flex-start fusion-content-layout-column\"><div class=\"fusion-title title fusion-title-2 fusion-title-text fusion-title-size-two\"><div class=\"title-sep-container title-sep-container-left fusion-no-large-visibility fusion-no-medium-visibility fusion-no-small-visibility\"><div class=\"title-sep sep-double sep-solid\" style=\"border-color:#3e3e3e;\"><\/div><\/div><span class=\"awb-title-spacer fusion-no-large-visibility fusion-no-medium-visibility fusion-no-small-visibility\"><\/span><h2 class=\"fusion-title-heading title-heading-left\" style=\"margin:0;\"><\/h2><span class=\"awb-title-spacer\"><\/span><div class=\"title-sep-container title-sep-container-right\"><div class=\"title-sep sep-double sep-solid\" style=\"border-color:#3e3e3e;\"><\/div><\/div><\/div><div class=\"fusion-text fusion-text-3\"><p><span style=\"color: rgb(255, 255, 255); font-family: var(--awb-text-font-family); font-size: var(--awb-font-size); font-style: var(--awb-text-font-style); letter-spacing: var(--awb-letter-spacing); text-align: var(--awb-content-alignment); text-transform: var(--awb-text-transform); background-color: var(--awb-bg-color);\">Wir sind per E-Mail erreichbar<\/span><\/p>\n<p><span style=\"font-family: var(--awb-text-font-family); font-size: var(--awb-font-size); font-style: var(--awb-text-font-style); letter-spacing: var(--awb-letter-spacing); text-align: var(--awb-content-alignment); text-transform: var(--awb-text-transform); background-color: var(--awb-bg-color);\">(<\/span><span style=\"color: rgb(255, 255, 255); font-family: var(--awb-text-font-family); font-size: var(--awb-font-size); font-style: var(--awb-text-font-style); letter-spacing: var(--awb-letter-spacing); text-align: var(--awb-content-alignment); text-transform: var(--awb-text-transform); background-color: var(--awb-bg-color);\">schreibt und wir melden uns)<\/span><\/p>\n<p>\nE-Mail: <a href=\"mailto:info@independentsplace.de\">info@independentsplace.de<\/a><br \/>\nWebseite: <a href=\"https:\/\/www.independentsplace.de\">www.independentsplace.de<br \/>\n<\/a><\/p>\n<\/div><\/div><\/div><div class=\"fusion-layout-column fusion_builder_column fusion-builder-column-3 fusion_builder_column_1_1 1_1 fusion-flex-column fusion-flex-align-self-flex-start fusion-column-no-min-height\" style=\"--awb-bg-blend:overlay;--awb-bg-size:cover;--awb-width-large:100%;--awb-margin-top-large:0px;--awb-spacing-right-large:1.92%;--awb-margin-bottom-large:0px;--awb-spacing-left-large:1.92%;--awb-width-medium:100%;--awb-spacing-right-medium:1.92%;--awb-spacing-left-medium:1.92%;--awb-width-small:100%;--awb-spacing-right-small:1.92%;--awb-spacing-left-small:1.92%;\"><div class=\"fusion-column-wrapper fusion-flex-justify-content-flex-start fusion-content-layout-column\"><div class=\"fusion-separator fusion-full-width-sep\" style=\"align-self: center;margin-left: auto;margin-right: auto;margin-top:15px;margin-bottom:15px;width:100%;\"><\/div><\/div><\/div><div class=\"fusion-layout-column fusion_builder_column fusion-builder-column-4 fusion_builder_column_1_1 1_1 fusion-flex-column fusion-flex-align-self-flex-start fusion-column-no-min-height\" style=\"--awb-bg-blend:overlay;--awb-bg-size:cover;--awb-width-large:100%;--awb-margin-top-large:0px;--awb-spacing-right-large:1.92%;--awb-margin-bottom-large:0px;--awb-spacing-left-large:1.92%;--awb-width-medium:100%;--awb-spacing-right-medium:1.92%;--awb-spacing-left-medium:1.92%;--awb-width-small:100%;--awb-spacing-right-small:1.92%;--awb-spacing-left-small:1.92%;\"><div class=\"fusion-column-wrapper fusion-flex-justify-content-flex-start fusion-content-layout-column\"><div class=\"fusion-title title fusion-title-3 fusion-title-text fusion-title-size-two\"><div class=\"title-sep-container title-sep-container-left fusion-no-large-visibility fusion-no-medium-visibility fusion-no-small-visibility\"><div class=\"title-sep sep-double sep-solid\" style=\"border-color:#3e3e3e;\"><\/div><\/div><span class=\"awb-title-spacer fusion-no-large-visibility fusion-no-medium-visibility fusion-no-small-visibility\"><\/span><h2 class=\"fusion-title-heading title-heading-left\" style=\"margin:0;\">Bilder vom &#8222;Place&#8220;<\/h2><span class=\"awb-title-spacer\"><\/span><div class=\"title-sep-container title-sep-container-right\"><div class=\"title-sep sep-double sep-solid\" style=\"border-color:#3e3e3e;\"><\/div><\/div><\/div><\/div><\/div><div class=\"fusion-layout-column fusion_builder_column fusion-builder-column-5 fusion_builder_column_1_1 1_1 fusion-flex-column fusion-flex-align-self-flex-start fusion-column-no-min-height\" style=\"--awb-padding-left:400px;--awb-bg-blend:overlay;--awb-bg-size:cover;--awb-width-large:100%;--awb-margin-top-large:0px;--awb-spacing-right-large:1.92%;--awb-margin-bottom-large:0px;--awb-spacing-left-large:1.92%;--awb-width-medium:100%;--awb-spacing-right-medium:1.92%;--awb-spacing-left-medium:1.92%;--awb-width-small:100%;--awb-spacing-right-small:1.92%;--awb-spacing-left-small:1.92%;\"><div class=\"fusion-column-wrapper fusion-flex-justify-content-center fusion-content-layout-column\"><div class=\"fusion-slider-sc\"><div class=\"fusion-flexslider-loading flexslider flexslider-hover-type-none\" data-slideshow_autoplay=\"1\" data-slideshow_smooth_height=\"1\" data-slideshow_speed=\"7000\" style=\"max-width:450px;height:100%;\"><ul class=\"slides\"><li class=\"image\"><span class=\"lazyload fusion-image-hover-element hover-type-none\"><img decoding=\"async\" src=\"https:\/\/www.independentsplace.de\/wp-blog\/wp-content\/\/DSC_0394_2048_3001.jpg\" data-orig-src=\"https:\/\/www.independentsplace.de\/wp-blog\/wp-content\/\/DSC_0394_2048_3001.jpg\" width=\"2048\" height=\"1367\" class=\"lazyload wp-image-4944\" srcset=\"data:image\/svg+xml,%3Csvg%20xmlns%3D%27http%3A%2F%2Fwww.w3.org%2F2000%2Fsvg%27%20width%3D%272048%27%20height%3D%271367%27%20viewBox%3D%270%200%202048%201367%27%3E%3Crect%20width%3D%272048%27%20height%3D%271367%27%20fill-opacity%3D%220%22%2F%3E%3C%2Fsvg%3E\" data-srcset=\"https:\/\/www.independentsplace.de\/wp-blog\/wp-content\/DSC_0394_2048_3001-200x133.jpg 200w, https:\/\/www.independentsplace.de\/wp-blog\/wp-content\/DSC_0394_2048_3001-400x267.jpg 400w, https:\/\/www.independentsplace.de\/wp-blog\/wp-content\/DSC_0394_2048_3001-600x400.jpg 600w, https:\/\/www.independentsplace.de\/wp-blog\/wp-content\/DSC_0394_2048_3001-800x534.jpg 800w, https:\/\/www.independentsplace.de\/wp-blog\/wp-content\/DSC_0394_2048_3001-1200x801.jpg 1200w, https:\/\/www.independentsplace.de\/wp-blog\/wp-content\/\/DSC_0394_2048_3001.jpg 2048w\" data-sizes=\"auto\" data-orig-sizes=\"(max-width: 1024px) 100vw, (max-width: 640px) 100vw, 800px\" \/><\/span><\/li><li class=\"image\"><span class=\"lazyload fusion-image-hover-element hover-type-none\"><img decoding=\"async\" src=\"https:\/\/www.independentsplace.de\/wp-blog\/wp-content\/\/DSC_0393_2048_3001.jpg\" data-orig-src=\"https:\/\/www.independentsplace.de\/wp-blog\/wp-content\/\/DSC_0393_2048_3001.jpg\" width=\"2048\" height=\"1367\" class=\"lazyload wp-image-4943\" srcset=\"data:image\/svg+xml,%3Csvg%20xmlns%3D%27http%3A%2F%2Fwww.w3.org%2F2000%2Fsvg%27%20width%3D%272048%27%20height%3D%271367%27%20viewBox%3D%270%200%202048%201367%27%3E%3Crect%20width%3D%272048%27%20height%3D%271367%27%20fill-opacity%3D%220%22%2F%3E%3C%2Fsvg%3E\" data-srcset=\"https:\/\/www.independentsplace.de\/wp-blog\/wp-content\/DSC_0393_2048_3001-200x133.jpg 200w, https:\/\/www.independentsplace.de\/wp-blog\/wp-content\/DSC_0393_2048_3001-400x267.jpg 400w, https:\/\/www.independentsplace.de\/wp-blog\/wp-content\/DSC_0393_2048_3001-600x400.jpg 600w, https:\/\/www.independentsplace.de\/wp-blog\/wp-content\/DSC_0393_2048_3001-800x534.jpg 800w, https:\/\/www.independentsplace.de\/wp-blog\/wp-content\/DSC_0393_2048_3001-1200x801.jpg 1200w, https:\/\/www.independentsplace.de\/wp-blog\/wp-content\/\/DSC_0393_2048_3001.jpg 2048w\" data-sizes=\"auto\" data-orig-sizes=\"(max-width: 1024px) 100vw, (max-width: 640px) 100vw, 800px\" \/><\/span><\/li><li class=\"image\"><span class=\"lazyload fusion-image-hover-element hover-type-none\"><img decoding=\"async\" src=\"https:\/\/www.independentsplace.de\/wp-blog\/wp-content\/\/DSC_0391_2048_3001.jpg\" data-orig-src=\"https:\/\/www.independentsplace.de\/wp-blog\/wp-content\/\/DSC_0391_2048_3001.jpg\" width=\"2048\" height=\"1367\" class=\"lazyload wp-image-4942\" srcset=\"data:image\/svg+xml,%3Csvg%20xmlns%3D%27http%3A%2F%2Fwww.w3.org%2F2000%2Fsvg%27%20width%3D%272048%27%20height%3D%271367%27%20viewBox%3D%270%200%202048%201367%27%3E%3Crect%20width%3D%272048%27%20height%3D%271367%27%20fill-opacity%3D%220%22%2F%3E%3C%2Fsvg%3E\" data-srcset=\"https:\/\/www.independentsplace.de\/wp-blog\/wp-content\/DSC_0391_2048_3001-200x133.jpg 200w, https:\/\/www.independentsplace.de\/wp-blog\/wp-content\/DSC_0391_2048_3001-400x267.jpg 400w, https:\/\/www.independentsplace.de\/wp-blog\/wp-content\/DSC_0391_2048_3001-600x400.jpg 600w, https:\/\/www.independentsplace.de\/wp-blog\/wp-content\/DSC_0391_2048_3001-800x534.jpg 800w, https:\/\/www.independentsplace.de\/wp-blog\/wp-content\/DSC_0391_2048_3001-1200x801.jpg 1200w, https:\/\/www.independentsplace.de\/wp-blog\/wp-content\/\/DSC_0391_2048_3001.jpg 2048w\" data-sizes=\"auto\" data-orig-sizes=\"(max-width: 1024px) 100vw, (max-width: 640px) 100vw, 800px\" \/><\/span><\/li><li class=\"image\"><span class=\"lazyload fusion-image-hover-element hover-type-none\"><img decoding=\"async\" src=\"https:\/\/www.independentsplace.de\/wp-blog\/wp-content\/\/DSC_0389_2048_3001.jpg\" data-orig-src=\"https:\/\/www.independentsplace.de\/wp-blog\/wp-content\/\/DSC_0389_2048_3001.jpg\" width=\"2048\" height=\"1367\" class=\"lazyload wp-image-4941\" srcset=\"data:image\/svg+xml,%3Csvg%20xmlns%3D%27http%3A%2F%2Fwww.w3.org%2F2000%2Fsvg%27%20width%3D%272048%27%20height%3D%271367%27%20viewBox%3D%270%200%202048%201367%27%3E%3Crect%20width%3D%272048%27%20height%3D%271367%27%20fill-opacity%3D%220%22%2F%3E%3C%2Fsvg%3E\" data-srcset=\"https:\/\/www.independentsplace.de\/wp-blog\/wp-content\/DSC_0389_2048_3001-200x133.jpg 200w, https:\/\/www.independentsplace.de\/wp-blog\/wp-content\/DSC_0389_2048_3001-400x267.jpg 400w, https:\/\/www.independentsplace.de\/wp-blog\/wp-content\/DSC_0389_2048_3001-600x400.jpg 600w, https:\/\/www.independentsplace.de\/wp-blog\/wp-content\/DSC_0389_2048_3001-800x534.jpg 800w, https:\/\/www.independentsplace.de\/wp-blog\/wp-content\/DSC_0389_2048_3001-1200x801.jpg 1200w, https:\/\/www.independentsplace.de\/wp-blog\/wp-content\/\/DSC_0389_2048_3001.jpg 2048w\" data-sizes=\"auto\" data-orig-sizes=\"(max-width: 1024px) 100vw, (max-width: 640px) 100vw, 800px\" \/><\/span><\/li><li class=\"image\"><span class=\"lazyload fusion-image-hover-element hover-type-none\"><img decoding=\"async\" src=\"https:\/\/www.independentsplace.de\/wp-blog\/wp-content\/\/DSC_0387_2048_3002.jpg\" data-orig-src=\"https:\/\/www.independentsplace.de\/wp-blog\/wp-content\/\/DSC_0387_2048_3002.jpg\" width=\"2048\" height=\"1367\" class=\"lazyload wp-image-4940\" srcset=\"data:image\/svg+xml,%3Csvg%20xmlns%3D%27http%3A%2F%2Fwww.w3.org%2F2000%2Fsvg%27%20width%3D%272048%27%20height%3D%271367%27%20viewBox%3D%270%200%202048%201367%27%3E%3Crect%20width%3D%272048%27%20height%3D%271367%27%20fill-opacity%3D%220%22%2F%3E%3C%2Fsvg%3E\" data-srcset=\"https:\/\/www.independentsplace.de\/wp-blog\/wp-content\/DSC_0387_2048_3002-200x133.jpg 200w, https:\/\/www.independentsplace.de\/wp-blog\/wp-content\/DSC_0387_2048_3002-400x267.jpg 400w, https:\/\/www.independentsplace.de\/wp-blog\/wp-content\/DSC_0387_2048_3002-600x400.jpg 600w, https:\/\/www.independentsplace.de\/wp-blog\/wp-content\/DSC_0387_2048_3002-800x534.jpg 800w, https:\/\/www.independentsplace.de\/wp-blog\/wp-content\/DSC_0387_2048_3002-1200x801.jpg 1200w, https:\/\/www.independentsplace.de\/wp-blog\/wp-content\/\/DSC_0387_2048_3002.jpg 2048w\" data-sizes=\"auto\" data-orig-sizes=\"(max-width: 1024px) 100vw, (max-width: 640px) 100vw, 800px\" \/><\/span><\/li><li class=\"image\"><span class=\"lazyload fusion-image-hover-element hover-type-none\"><img decoding=\"async\" src=\"https:\/\/www.independentsplace.de\/wp-blog\/wp-content\/\/DSC_0382_2048_3001.jpg\" data-orig-src=\"https:\/\/www.independentsplace.de\/wp-blog\/wp-content\/\/DSC_0382_2048_3001.jpg\" width=\"2048\" height=\"1367\" class=\"lazyload wp-image-4939\" srcset=\"data:image\/svg+xml,%3Csvg%20xmlns%3D%27http%3A%2F%2Fwww.w3.org%2F2000%2Fsvg%27%20width%3D%272048%27%20height%3D%271367%27%20viewBox%3D%270%200%202048%201367%27%3E%3Crect%20width%3D%272048%27%20height%3D%271367%27%20fill-opacity%3D%220%22%2F%3E%3C%2Fsvg%3E\" data-srcset=\"https:\/\/www.independentsplace.de\/wp-blog\/wp-content\/DSC_0382_2048_3001-200x133.jpg 200w, https:\/\/www.independentsplace.de\/wp-blog\/wp-content\/DSC_0382_2048_3001-400x267.jpg 400w, https:\/\/www.independentsplace.de\/wp-blog\/wp-content\/DSC_0382_2048_3001-600x400.jpg 600w, https:\/\/www.independentsplace.de\/wp-blog\/wp-content\/DSC_0382_2048_3001-800x534.jpg 800w, https:\/\/www.independentsplace.de\/wp-blog\/wp-content\/DSC_0382_2048_3001-1200x801.jpg 1200w, https:\/\/www.independentsplace.de\/wp-blog\/wp-content\/\/DSC_0382_2048_3001.jpg 2048w\" data-sizes=\"auto\" data-orig-sizes=\"(max-width: 1024px) 100vw, (max-width: 640px) 100vw, 800px\" \/><\/span><\/li><\/ul><\/div><\/div><\/div><\/div><\/div><\/div>\n","protected":false},"excerpt":{"rendered":"","protected":false},"author":4,"featured_media":0,"parent":0,"menu_order":0,"comment_status":"open","ping_status":"closed","template":"","meta":{"footnotes":""},"_links":{"self":[{"href":"https:\/\/www.independentsplace.de\/wp-blog\/wp-json\/wp\/v2\/pages\/4911"}],"collection":[{"href":"https:\/\/www.independentsplace.de\/wp-blog\/wp-json\/wp\/v2\/pages"}],"about":[{"href":"https:\/\/www.independentsplace.de\/wp-blog\/wp-json\/wp\/v2\/types\/page"}],"author":[{"embeddable":true,"href":"https:\/\/www.independentsplace.de\/wp-blog\/wp-json\/wp\/v2\/users\/4"}],"replies":[{"embeddable":true,"href":"https:\/\/www.independentsplace.de\/wp-blog\/wp-json\/wp\/v2\/comments?post=4911"}],"version-history":[{"count":47,"href":"https:\/\/www.independentsplace.de\/wp-blog\/wp-json\/wp\/v2\/pages\/4911\/revisions"}],"predecessor-version":[{"id":6547,"href":"https:\/\/www.independentsplace.de\/wp-blog\/wp-json\/wp\/v2\/pages\/4911\/revisions\/6547"}],"wp:attachment":[{"href":"https:\/\/www.independentsplace.de\/wp-blog\/wp-json\/wp\/v2\/media?parent=4911"}],"curies":[{"name":"wp","href":"https:\/\/api.w.org\/{rel}","templated":true}]}}